{"id":765,"date":"2022-02-23T21:05:43","date_gmt":"2022-02-23T21:05:43","guid":{"rendered":"https:\/\/abogadadecreativoscol.com\/contact-us\/"},"modified":"2025-11-17T14:16:09","modified_gmt":"2025-11-17T19:16:09","slug":"contact-us","status":"publish","type":"page","link":"https:\/\/abogadadecreativoscol.com\/en\/contact-us\/","title":{"rendered":"Contact"},"content":{"rendered":"\n<div class=\"wp-block-stackable-columns stk-block-columns stk-block stk-a5bc981 ct-special-features\" data-block-id=\"a5bc981\"><style>.stk-a5bc981 {margin-bottom:35px !important;}.stk-a5bc981-column{--stk-column-gap:35px !important;row-gap:35px !important;}@media screen and (max-width:999px){.stk-a5bc981-column{--stk-column-gap:25px !important;}}<\/style><div class=\"stk-row stk-inner-blocks stk-block-content stk-content-align stk-a5bc981-column\">\n<div class=\"wp-block-stackable-column stk-block-column stk-column stk-block stk-622c7a4 stk-block-background\" data-v=\"4\" data-block-id=\"622c7a4\"><style>.stk-622c7a4-container{margin-top:0px !important;margin-right:0px !important;margin-bottom:0px !important;margin-left:0px !important;}.stk-622c7a4 {background-color:#000000 !important;border-top-left-radius:8px !important;border-top-right-radius:8px !important;border-bottom-right-radius:8px !important;border-bottom-left-radius:8px !important;overflow:hidden !important;padding-top:80px !important;padding-right:70px !important;padding-bottom:80px !important;padding-left:70px !important;}.stk-622c7a4:hover{background-color:var(--theme-palette-color-1, #e65616) !important;}.stk-622c7a4:before{background-color:#000000 !important;}.stk-622c7a4:hover:before{background-color:var(--theme-palette-color-1, #e65616) !important;}@media screen and (max-width:999px){.stk-622c7a4 {padding-top:40px !important;padding-right:25px !important;padding-bottom:40px !important;padding-left:25px !important;}}<\/style><div class=\"stk-column-wrapper stk-block-column__content stk-container stk-622c7a4-container stk--no-background stk--no-padding\"><div class=\"has-text-align-center stk-block-content stk-inner-blocks stk-622c7a4-inner-blocks\">\n<p class=\"has-text-align-center has-palette-color-4-color has-text-color has-medium-font-size\"><strong>abogadadecreativoscol@gmail.com<\/strong><\/p>\n\n\n\n<p class=\"has-palette-color-4-color has-text-color has-link-color has-medium-font-size wp-elements-8c25c64449c090231f7af2bb3b7c7eb9\"><strong>(+57) 3188409536<\/strong><\/p>\n\n\n\n<p class=\"has-palette-color-4-color has-text-color has-link-color has-medium-font-size wp-elements-9011b228c23823837709222583127954\"><strong>Carrera 6 \u00b7 10-42 oficina 510 Bogot\u00e1<\/strong> (cita previa)<\/p>\n<\/div><\/div><\/div>\n<\/div><\/div>\n\n\n\n<div class=\"wp-block-stackable-columns stk-block-columns stk-block stk-1dc5942\" data-block-id=\"1dc5942\"><style>.stk-1dc5942 .stk--block-align-1dc5942{align-items:center !important;}.stk-1dc5942 {margin-bottom:0px !important;}.stk-1dc5942-column{--stk-column-gap:35px !important;}@media screen and (max-width:689px){.stk-1dc5942-column{row-gap:35px !important;}}<\/style><div class=\"stk-row stk-inner-blocks stk--block-align-1dc5942 stk-block-content stk-content-align stk-1dc5942-column\">\n<div class=\"wp-block-stackable-column stk-block-column stk-column stk-block stk-93c6013\" data-v=\"4\" data-block-id=\"93c6013\"><style>.stk-93c6013-container{margin-top:0px !important;margin-right:0px !important;margin-bottom:0px !important;margin-left:0px !important;}<\/style><div class=\"stk-column-wrapper stk-block-column__content stk-container stk-93c6013-container stk--no-background stk--no-padding\"><div class=\"has-text-align-center-mobile stk-block-content stk-inner-blocks stk-93c6013-inner-blocks\">\n<div class=\"wp-block-stackable-text stk-block-text stk-block stk-8703991 o-typing-delay-1s o-typing-faster\" data-block-id=\"8703991\"><style>.stk-8703991 {margin-bottom:35px !important;}.stk-8703991 .stk-block-text__text{font-size:34px !important;color:var(--theme-palette-color-4, #ffffff) !important;}@media screen and (max-width:999px){.stk-8703991 .stk-block-text__text{font-size:34px !important;}}<\/style><p class=\"stk-block-text__text has-text-color has-text-align-center-mobile\"><o-anim-typing><strong>Evitar que terceros obtengan ganancias de tu negocio depende \u00fanicamente de t\u00ed. Cont\u00e1ctame y te ayudo a proteger tu empresa.<\/strong><\/o-anim-typing><\/p><\/div>\n\n\n\n<div class=\"wp-block-stackable-heading stk-block-heading stk-block-heading--v2 stk-block stk-409217e stk-block-background\" id=\"hablame-sobre-tu-proyecto\" data-block-id=\"409217e\"><style>.stk-409217e {background-color:#000000 !important;margin-bottom:30px !important;}.stk-409217e:before{background-color:#000000 !important;}.stk-409217e .stk-block-heading__text{font-size:60px !important;line-height:1em !important;font-weight:800 !important;}@media screen and (max-width:999px){.stk-409217e .stk-block-heading__text{font-size:40px !important;}}<\/style><h2 class=\"stk-block-heading__text has-text-align-center-mobile\">H\u00e1blame sobre tu proyecto!<\/h2><\/div>\n\n\n<div class=\"wpforms-container wpforms-block wpforms-block-fb8dded9-8f9b-439a-9c16-3d01b0467362\" id=\"wpforms-1978\"><form id=\"wpforms-form-1978\" class=\"wpforms-validate wpforms-form wpforms-ajax-form\" data-formid=\"1978\" method=\"post\" enctype=\"multipart\/form-data\" action=\"\/en\/wp-json\/wp\/v2\/pages\/765\" data-token=\"b08e3c68d6dd31b184a4d40c64f17e49\" data-token-time=\"1778072258\"><noscript class=\"wpforms-error-noscript\">Please enable JavaScript in your browser to complete this form.<\/noscript><div class=\"wpforms-field-container\"><div id=\"wpforms-1978-field_1-container\" class=\"wpforms-field wpforms-field-name\" data-field-id=\"1\"><label class=\"wpforms-field-label\" for=\"wpforms-1978-field_1\">Nombre <span class=\"wpforms-required-label\">*<\/span><\/label><input type=\"text\" id=\"wpforms-1978-field_1\" class=\"wpforms-field-medium wpforms-field-required\" name=\"wpforms[fields][1]\" required><\/div>\t\t<div id=\"wpforms-1978-field_5-container\"\n\t\t\tclass=\"wpforms-field wpforms-field-text\"\n\t\t\tdata-field-type=\"text\"\n\t\t\tdata-field-id=\"5\"\n\t\t\t>\n\t\t\t<label class=\"wpforms-field-label\" for=\"wpforms-1978-field_5\" >mensaje o Correo<\/label>\n\t\t\t<input type=\"text\" id=\"wpforms-1978-field_5\" class=\"wpforms-field-medium\" name=\"wpforms[fields][5]\" >\n\t\t<\/div>\n\t\t<div id=\"wpforms-1978-field_2-container\" class=\"wpforms-field wpforms-field-email\" data-field-id=\"2\"><label class=\"wpforms-field-label\" for=\"wpforms-1978-field_2\">Correo electr\u00f3nico <span class=\"wpforms-required-label\">*<\/span><\/label><input type=\"email\" id=\"wpforms-1978-field_2\" class=\"wpforms-field-medium wpforms-field-required\" name=\"wpforms[fields][2]\" spellcheck=\"false\" required><\/div><div id=\"wpforms-1978-field_4-container\" class=\"wpforms-field wpforms-field-number\" data-field-id=\"4\"><label class=\"wpforms-field-label\" for=\"wpforms-1978-field_4\">Whatsapp<\/label><input type=\"number\" id=\"wpforms-1978-field_4\" class=\"wpforms-field-medium\" name=\"wpforms[fields][4]\" step=\"any\" ><\/div><div id=\"wpforms-1978-field_3-container\" class=\"wpforms-field wpforms-field-textarea\" data-field-id=\"3\"><label class=\"wpforms-field-label\" for=\"wpforms-1978-field_3\">Comentario o mensaje<\/label><textarea id=\"wpforms-1978-field_3\" class=\"wpforms-field-medium\" name=\"wpforms[fields][3]\" ><\/textarea><\/div><script>\n\t\t\t\t( function() {\n\t\t\t\t\tconst style = document.createElement( 'style' );\n\t\t\t\t\tstyle.appendChild( document.createTextNode( '#wpforms-1978-field_5-container { position: absolute !important; overflow: hidden !important; display: inline !important; height: 1px !important; width: 1px !important; z-index: -1000 !important; padding: 0 !important; } #wpforms-1978-field_5-container input { visibility: hidden; } #wpforms-conversational-form-page #wpforms-1978-field_5-container label { counter-increment: none; }' ) );\n\t\t\t\t\tdocument.head.appendChild( style );\n\t\t\t\t\tdocument.currentScript?.remove();\n\t\t\t\t} )();\n\t\t\t<\/script><\/div><!-- .wpforms-field-container --><div class=\"wpforms-submit-container\" ><input type=\"hidden\" name=\"wpforms[id]\" value=\"1978\"><input type=\"hidden\" name=\"page_title\" value=\"\"><input type=\"hidden\" name=\"page_url\" value=\"https:\/\/abogadadecreativoscol.com\/en\/wp-json\/wp\/v2\/pages\/765\"><input type=\"hidden\" name=\"url_referer\" value=\"\"><button type=\"submit\" name=\"wpforms[submit]\" id=\"wpforms-submit-1978\" class=\"wpforms-submit\" data-alt-text=\"Enviando...\" data-submit-text=\"Enviar\" aria-live=\"assertive\" value=\"wpforms-submit\">Enviar<\/button><img decoding=\"async\" src=\"https:\/\/abogadadecreativoscol.com\/wp-content\/plugins\/wpforms-lite\/assets\/images\/submit-spin.svg\" class=\"wpforms-submit-spinner\" style=\"display: none;\" width=\"26\" height=\"26\" alt=\"Loading\"><\/div><\/form><\/div>  <!-- .wpforms-container --><\/div><\/div><\/div>\n<\/div><\/div>\n\n\n\n<div class=\"wp-block-stackable-spacer stk-block-spacer stk--no-padding stk-block stk-98c53b6\" data-block-id=\"98c53b6\"><\/div>\n\n\n\n<div class=\"wp-block-stackable-columns stk-block-columns stk-block stk-c1bca65\" data-block-id=\"c1bca65\"><style>.stk-c1bca65 {margin-bottom:0px !important;}<\/style><div class=\"stk-row stk-inner-blocks stk-block-content stk-content-align stk-c1bca65-column\">\n<div class=\"wp-block-stackable-column stk-block-column stk-column stk-block stk-f171fd9\" data-v=\"4\" data-block-id=\"f171fd9\"><div class=\"stk-column-wrapper stk-block-column__content stk-container stk-f171fd9-container stk--no-background stk--no-padding\"><div class=\"stk-block-content stk-inner-blocks stk-f171fd9-inner-blocks\">\n<div class=\"wp-block-stackable-columns stk-block-columns stk-block stk-474f907\" data-block-id=\"474f907\"><div class=\"stk-row stk-inner-blocks stk-block-content stk-content-align stk-474f907-column\">\n<div class=\"wp-block-stackable-column stk-block-column stk-column stk-block stk-350f153\" data-v=\"4\" data-block-id=\"350f153\"><div class=\"stk-column-wrapper stk-block-column__content stk-container stk-350f153-container stk--no-background stk--no-padding\"><div class=\"stk-block-content stk-inner-blocks stk-350f153-inner-blocks\">\n<div class=\"wp-block-stackable-columns stk-block-columns stk-block stk-57aa7c2\" data-block-id=\"57aa7c2\"><div class=\"stk-row stk-inner-blocks stk-block-content stk-content-align stk-57aa7c2-column\">\n<div class=\"wp-block-stackable-column stk-block-column stk-column stk-block stk-eb00629\" data-v=\"4\" data-block-id=\"eb00629\"><div class=\"stk-column-wrapper stk-block-column__content stk-container stk-eb00629-container stk--no-background stk--no-padding\"><div class=\"stk-block-content stk-inner-blocks stk-eb00629-inner-blocks\">\n<div class=\"wp-block-stackable-spacer stk-block-spacer stk--no-padding stk-block stk-61b443a\" data-block-id=\"61b443a\"><style>.stk-61b443a {height:0px !important;}<\/style><\/div>\n<\/div><\/div><\/div>\n<\/div><\/div>\n<\/div><\/div><\/div>\n<\/div><\/div>\n<\/div><\/div><\/div>\n<\/div><\/div>\n\n\n\t\t\t<div \n\t\t\tclass=\"wp-block-uagb-google-map uagb-google-map__wrap uagb-block-c9765102     \"\n\t\t\tstyle=\"\" >\n\t\t\t\t<embed\n\t\t\t\t\tclass=\"uagb-google-map__iframe\"\n\t\t\t\t\ttitle=\"Google Map for \"\n\t\t\t\t\tsrc=\"https:\/\/maps.google.com\/maps?q=bogota%20carrera%206%20%C2%B7%2010%20-%2042%20edificio%20estella&#038;z=15&#038;hl=en&#038;t=m&#038;output=embed&#038;iwloc=near\"\n\t\t\t\t\twidth=\"640\"\n\t\t\t\t\theight=\"650\"\n\t\t\t\t\tloading=\"lazy\"\n\t\t\t\t><\/embed>\n\t\t\t<\/div>\n\t\t\t\n\n\n<div class=\"wp-block-stackable-columns stk-block-columns stk-block stk-b8bf02a\" data-block-id=\"b8bf02a\"><div class=\"stk-row stk-inner-blocks stk-block-content stk-content-align stk-b8bf02a-column\">\n<div class=\"wp-block-stackable-column stk-block-column stk-column stk-block stk-e2b1d7f\" data-v=\"4\" data-block-id=\"e2b1d7f\"><div class=\"stk-column-wrapper stk-block-column__content stk-container stk-e2b1d7f-container stk--no-background stk--no-padding\"><div class=\"stk-block-content stk-inner-blocks stk-e2b1d7f-inner-blocks\"><\/div><\/div><\/div>\n<\/div><\/div>\n\n\n\n<p><\/p>\n","protected":false},"excerpt":{"rendered":"<p>abogadadecreativoscol@gmail.com (+57) 3188409536 Carrera 6 \u00b7 10-42 oficina 510 Bogot\u00e1 (cita previa) Evitar que terceros obtengan ganancias de tu negocio depende \u00fanicamente de t\u00ed. Cont\u00e1ctame y te ayudo a proteger tu empresa. H\u00e1blame sobre tu proyecto!<\/p>","protected":false},"author":1,"featured_media":0,"parent":0,"menu_order":0,"comment_status":"closed","ping_status":"closed","template":"","meta":{"_uag_custom_page_level_css":"","footnotes":""},"class_list":["post-765","page","type-page","status-publish","hentry"],"blocksy_meta":{"styles_descriptor":{"styles":{"desktop":"","tablet":"","mobile":""},"google_fonts":[],"version":6}},"aioseo_notices":[],"uagb_featured_image_src":{"full":false,"thumbnail":false,"medium":false,"medium_large":false,"large":false,"1536x1536":false,"2048x2048":false,"trp-custom-language-flag":false},"uagb_author_info":{"display_name":"abogadadecreativoscol@gmail.com","author_link":"https:\/\/abogadadecreativoscol.com\/en\/author\/abogadadecreativoscolgmail-com\/"},"uagb_comment_info":0,"uagb_excerpt":"abogadadecreativoscol@gmail.com (+57) 3188409536 Carrera 6 \u00b7 10-42 oficina 510 Bogot\u00e1 (cita previa) Evitar que terceros obtengan ganancias de tu negocio depende \u00fanicamente de t\u00ed. Cont\u00e1ctame y te ayudo a proteger tu empresa. H\u00e1blame sobre tu proyecto!","_links":{"self":[{"href":"https:\/\/abogadadecreativoscol.com\/en\/wp-json\/wp\/v2\/pages\/765","targetHints":{"allow":["GET"]}}],"collection":[{"href":"https:\/\/abogadadecreativoscol.com\/en\/wp-json\/wp\/v2\/pages"}],"about":[{"href":"https:\/\/abogadadecreativoscol.com\/en\/wp-json\/wp\/v2\/types\/page"}],"author":[{"embeddable":true,"href":"https:\/\/abogadadecreativoscol.com\/en\/wp-json\/wp\/v2\/users\/1"}],"replies":[{"embeddable":true,"href":"https:\/\/abogadadecreativoscol.com\/en\/wp-json\/wp\/v2\/comments?post=765"}],"version-history":[{"count":34,"href":"https:\/\/abogadadecreativoscol.com\/en\/wp-json\/wp\/v2\/pages\/765\/revisions"}],"predecessor-version":[{"id":2537,"href":"https:\/\/abogadadecreativoscol.com\/en\/wp-json\/wp\/v2\/pages\/765\/revisions\/2537"}],"wp:attachment":[{"href":"https:\/\/abogadadecreativoscol.com\/en\/wp-json\/wp\/v2\/media?parent=765"}],"curies":[{"name":"wp","href":"https:\/\/api.w.org\/{rel}","templated":true}]}}