{"id":768,"date":"2022-02-23T21:06:07","date_gmt":"2022-02-23T21:06:07","guid":{"rendered":"https:\/\/abogadadecreativoscol.com\/about-us\/"},"modified":"2025-07-31T17:14:07","modified_gmt":"2025-07-31T22:14:07","slug":"about-us","status":"publish","type":"page","link":"https:\/\/abogadadecreativoscol.com\/en\/about-us\/","title":{"rendered":"Who we are"},"content":{"rendered":"<p><\/p>\n\n\n\n<div class=\"wp-block-stackable-columns alignwide stk-block-columns stk-block stk-08ba77d\" data-block-id=\"08ba77d\"><style>.stk-08ba77d-column{--stk-column-gap:48px !important;}<\/style><div class=\"stk-row stk-inner-blocks stk-block-content stk-content-align stk-08ba77d-column alignwide\">\n<div class=\"wp-block-stackable-column stk-block-column stk-column stk-block stk-01195af\" data-v=\"4\" data-block-id=\"01195af\"><style>.stk-01195af-inner-blocks{justify-content:center !important;}.stk-01195af-container{display:flex !important;}<\/style><div class=\"stk-column-wrapper stk-block-column__content stk-container stk-01195af-container stk--no-background stk--no-padding\"><div class=\"stk-block-content stk-inner-blocks stk-01195af-inner-blocks\">\n<div class=\"wp-block-stackable-heading stk-block-heading stk-block-heading--v2 stk-block stk-38bca20 o-typing-delay-1s\" id=\"o-anim-typing-abogada-de-creativos-de-colombia-o-anim-typing\" data-block-id=\"38bca20\"><style>.stk-38bca20 .stk-block-heading__text{font-size:60px !important;}@media screen and (max-width:999px){.stk-38bca20 .stk-block-heading__text{font-size:50px !important;}}<\/style><h2 class=\"stk-block-heading__text has-text-align-center\"><o-anim-typing>Abogada de Creativos de Colombia<\/o-anim-typing><\/h2><\/div>\n<\/div><\/div><\/div>\n<\/div><\/div>\n\n\n\n<div class=\"wp-block-stackable-columns stk-block-columns stk-block stk-a5bc981 ct-special-features\" data-block-id=\"a5bc981\"><style>.stk-a5bc981 {margin-bottom:35px !important;}.stk-a5bc981-column{--stk-column-gap:35px !important;row-gap:35px !important;}@media screen and (max-width:999px){.stk-a5bc981-column{--stk-column-gap:25px !important;}}<\/style><div class=\"stk-row stk-inner-blocks stk-block-content stk-content-align stk-a5bc981-column\">\n<div class=\"wp-block-stackable-column stk-block-column stk-column stk-block stk-622c7a4 stk-block-background\" data-v=\"4\" data-block-id=\"622c7a4\"><style>.stk-622c7a4-container{margin-top:0px !important;margin-right:0px !important;margin-bottom:0px !important;margin-left:0px !important;}.stk-622c7a4 {background-color:#000000 !important;border-top-left-radius:8px !important;border-top-right-radius:8px !important;border-bottom-right-radius:8px !important;border-bottom-left-radius:8px !important;overflow:hidden !important;padding-top:80px !important;padding-right:70px !important;padding-bottom:80px !important;padding-left:70px !important;}.stk-622c7a4:hover{background-color:var(--theme-palette-color-1, #e65616) !important;}.stk-622c7a4:before{background-color:#000000 !important;}.stk-622c7a4:hover:before{background-color:var(--theme-palette-color-1, #e65616) !important;}@media screen and (max-width:999px){.stk-622c7a4 {padding-top:40px !important;padding-right:25px !important;padding-bottom:40px !important;padding-left:25px !important;}}<\/style><div class=\"stk-column-wrapper stk-block-column__content stk-container stk-622c7a4-container stk--no-background stk--no-padding\"><div class=\"has-text-align-center stk-block-content stk-inner-blocks stk-622c7a4-inner-blocks\">\n<div class=\"wp-block-uagb-info-box uagb-block-e03d82d0 uagb-infobox__content-wrap  uagb-infobox-icon-above-title uagb-infobox-image-valign-top o-typing-delay-1s\"><div class=\"uagb-ifb-content\"><div class=\"uagb-ifb-title-wrap\"><h1 class=\"uagb-ifb-title\">Background:<\/h1><\/div><p class=\"uagb-ifb-desc\"><strong>5 a\u00f1os de experiencia en Ministerio del Trabajo.<br><br>5 a\u00f1os asesorando a empresas privadas en protecci\u00f3n de marcas, gesti\u00f3n de patentes, creaci\u00f3n de empresas, implementaci\u00f3n de programas de gesti\u00f3n en seguridad y salud en el trabajo.<br><br>7 a\u00f1os de experiencia en docencia universitaria para pregrado y postgrado en propiedad industrial e intelectual as\u00ed como en derecho laboral y riesgos laborales.&nbsp;<\/strong><br><\/p><\/div><\/div>\n<\/div><\/div><\/div>\n\n\n\n<div class=\"wp-block-stackable-column stk-block-column stk-column stk-block stk-6eb4f38 stk-block-background\" data-v=\"4\" data-block-id=\"6eb4f38\"><style>.stk-6eb4f38-container{margin-top:0px !important;margin-right:0px !important;margin-bottom:0px !important;margin-left:0px !important;}.stk-6eb4f38 {background-color:#000000 !important;border-top-left-radius:8px !important;border-top-right-radius:8px !important;border-bottom-right-radius:8px !important;border-bottom-left-radius:8px !important;overflow:hidden !important;padding-top:80px !important;padding-right:70px !important;padding-bottom:80px !important;padding-left:70px !important;}.stk-6eb4f38:hover{background-color:var(--theme-palette-color-1, #e65616) !important;}.stk-6eb4f38:before{background-color:#000000 !important;}.stk-6eb4f38:hover:before{background-color:var(--theme-palette-color-1, #e65616) !important;}@media screen and (max-width:999px){.stk-6eb4f38 {padding-top:40px !important;padding-right:25px !important;padding-bottom:40px !important;padding-left:25px !important;}}<\/style><div class=\"stk-column-wrapper stk-block-column__content stk-container stk-6eb4f38-container stk--no-background stk--no-padding\"><div class=\"has-text-align-center stk-block-content stk-inner-blocks stk-6eb4f38-inner-blocks\">\n<div class=\"wp-block-uagb-info-box uagb-block-2cc68ab2 uagb-infobox__content-wrap  uagb-infobox-icon-above-title uagb-infobox-image-valign-top o-typing-delay-1s\"><div class=\"uagb-ifb-content\"><div class=\"uagb-ifb-title-wrap\"><h1 class=\"uagb-ifb-title\">Results:<\/h1><\/div><p class=\"uagb-ifb-desc\"><strong>More than 80,000 hours of legal advice and support in business creation.&nbsp;<br><br>Digital content creator in industrial and intellectual property in @abogadadecreativoscol Digital content creator in my blog.<em>&nbsp;\"\u00bfIf you protect what you love so much, why not start with your business?\"<\/em>&#8220;.<br><\/strong><\/p><\/div><\/div>\n\n\n\n<div class=\"wp-block-buttons is-content-justification-left is-layout-flex wp-container-core-buttons-is-layout-fc4fd283 wp-block-buttons-is-layout-flex\">\n<div class=\"wp-block-button\"><a class=\"wp-block-button__link wp-element-button\" href=\"https:\/\/abogadadecreativoscol.com\/en\/contact\/\">BLOG<\/a><\/div>\n<\/div>\n<\/div><\/div><\/div>\n<\/div><\/div>\n\n\n\n<p><\/p>","protected":false},"excerpt":{"rendered":"<p>Abogada de Creativos de Colombia<\/p>","protected":false},"author":1,"featured_media":0,"parent":0,"menu_order":0,"comment_status":"closed","ping_status":"closed","template":"","meta":{"_uag_custom_page_level_css":"","footnotes":""},"class_list":["post-768","page","type-page","status-publish","hentry"],"blocksy_meta":{"styles_descriptor":{"styles":{"desktop":"","tablet":"","mobile":""},"google_fonts":[],"version":6}},"aioseo_notices":[],"uagb_featured_image_src":{"full":false,"thumbnail":false,"medium":false,"medium_large":false,"large":false,"1536x1536":false,"2048x2048":false,"trp-custom-language-flag":false},"uagb_author_info":{"display_name":"abogadadecreativoscol@gmail.com","author_link":"https:\/\/abogadadecreativoscol.com\/en\/author\/abogadadecreativoscolgmail-com\/"},"uagb_comment_info":0,"uagb_excerpt":"Abogada de Creativos de Colombia","_links":{"self":[{"href":"https:\/\/abogadadecreativoscol.com\/en\/wp-json\/wp\/v2\/pages\/768","targetHints":{"allow":["GET"]}}],"collection":[{"href":"https:\/\/abogadadecreativoscol.com\/en\/wp-json\/wp\/v2\/pages"}],"about":[{"href":"https:\/\/abogadadecreativoscol.com\/en\/wp-json\/wp\/v2\/types\/page"}],"author":[{"embeddable":true,"href":"https:\/\/abogadadecreativoscol.com\/en\/wp-json\/wp\/v2\/users\/1"}],"replies":[{"embeddable":true,"href":"https:\/\/abogadadecreativoscol.com\/en\/wp-json\/wp\/v2\/comments?post=768"}],"version-history":[{"count":13,"href":"https:\/\/abogadadecreativoscol.com\/en\/wp-json\/wp\/v2\/pages\/768\/revisions"}],"predecessor-version":[{"id":2464,"href":"https:\/\/abogadadecreativoscol.com\/en\/wp-json\/wp\/v2\/pages\/768\/revisions\/2464"}],"wp:attachment":[{"href":"https:\/\/abogadadecreativoscol.com\/en\/wp-json\/wp\/v2\/media?parent=768"}],"curies":[{"name":"wp","href":"https:\/\/api.w.org\/{rel}","templated":true}]}}