{"id":770,"date":"2022-02-23T21:06:46","date_gmt":"2022-02-23T21:06:46","guid":{"rendered":"https:\/\/abogadadecreativoscol.com\/services-2\/"},"modified":"2025-07-31T17:09:46","modified_gmt":"2025-07-31T22:09:46","slug":"services-2","status":"publish","type":"page","link":"https:\/\/abogadadecreativoscol.com\/en\/services-2\/","title":{"rendered":"Services"},"content":{"rendered":"<div class=\"wp-block-stackable-spacer stk-block-spacer stk--no-padding stk-block stk-a48d538\" data-block-id=\"a48d538\"><style>.stk-a48d538 {height:25px !important;}<\/style><\/div>\n\n\n\n<div class=\"wp-block-columns is-layout-flex wp-container-core-columns-is-layout-28f84493 wp-block-columns-is-layout-flex\">\n<div class=\"wp-block-column is-layout-flow wp-block-column-is-layout-flow\" style=\"flex-basis:100%\">\n<div data-aos= \"zoom-out\" data-aos-duration=\"400\" data-aos-delay=\"0\" data-aos-easing=\"ease\" data-aos-once=\"true\" class=\"wp-block-uagb-info-box uagb-block-df2cd4a5 uagb-infobox__content-wrap  uagb-infobox-icon-above-title uagb-infobox-image-valign-top\"><div class=\"uagb-ifb-content\"><div class=\"uagb-ifb-title-wrap\"><h3 class=\"uagb-ifb-title\"><strong>Want to register your trademark? I'll take care of it.<br>Would you like to patent your invention? With my help, of course you can!<\/strong><\/h3><\/div><\/div><\/div>\n\n\n\n<div data-aos= \"zoom-out\" data-aos-duration=\"400\" data-aos-delay=\"0\" data-aos-easing=\"ease\" data-aos-once=\"true\" class=\"wp-block-uagb-info-box uagb-block-cb329fda uagb-infobox__content-wrap  uagb-infobox-icon-above-title uagb-infobox-image-valign-top\"><div class=\"uagb-ifb-content\"><div class=\"uagb-ifb-title-wrap\"><h3 class=\"uagb-ifb-title\"><strong>Do you want to ensure the well-being of your employees? I do it for you!<\/strong><\/h3><\/div><\/div><\/div>\n<\/div>\n<\/div>\n\n\n\n<div class=\"wp-block-stackable-columns stk-block-columns stk-block stk-a5bc981 ct-special-features\" data-block-id=\"a5bc981\"><style>.stk-a5bc981 {margin-bottom:0px !important;}.stk-a5bc981-column{--stk-column-gap:35px !important;}@media screen and (max-width:999px){.stk-a5bc981-column{--stk-column-gap:25px !important;}}@media screen and (max-width:689px){.stk-a5bc981-column{row-gap:35px !important;}}<\/style><div class=\"stk-row stk-inner-blocks stk-block-content stk-content-align stk-a5bc981-column\">\n<div class=\"wp-block-stackable-column stk-block-column stk-column stk-block stk-622c7a4 stk-block-background\" data-v=\"4\" data-block-id=\"622c7a4\"><style>.stk-622c7a4-container{margin-top:0px !important;margin-right:0px !important;margin-bottom:0px !important;margin-left:0px !important;}.stk-622c7a4 {background-color:#000000 !important;border-top-left-radius:8px !important;border-top-right-radius:8px !important;border-bottom-right-radius:8px !important;border-bottom-left-radius:8px !important;overflow:hidden !important;padding-top:80px !important;padding-right:70px !important;padding-bottom:80px !important;padding-left:70px !important;}.stk-622c7a4:hover{background-color:var(--theme-palette-color-1, #e65616) !important;}.stk-622c7a4:before{background-color:#000000 !important;}.stk-622c7a4:hover:before{background-color:var(--theme-palette-color-1, #e65616) !important;}@media screen and (max-width:999px){.stk-622c7a4 {padding-top:40px !important;padding-right:25px !important;padding-bottom:40px !important;padding-left:25px !important;}}<\/style><div class=\"stk-column-wrapper stk-block-column__content stk-container stk-622c7a4-container stk--no-background stk--no-padding\"><div class=\"has-text-align-left stk-block-content stk-inner-blocks stk-622c7a4-inner-blocks\">\n<div class=\"wp-block-stackable-heading stk-block-heading stk-block-heading--v2 stk-block stk-592ef48 o-typing-delay-1s\" id=\"registrar-tu-marca\" data-block-id=\"592ef48\"><style>.stk-592ef48 {margin-bottom:16px !important;}.stk-592ef48 .stk-block-heading__text{font-size:30px !important;font-weight:800 !important;}@media screen and (max-width:999px){.stk-592ef48 .stk-block-heading__text{font-size:30px !important;}}<\/style><h2 class=\"stk-block-heading__text has-text-align-center-mobile\"><o-anim-typing>Register your brand&nbsp;<\/o-anim-typing><\/h2><\/div>\n\n\n\n<div class=\"wp-block-stackable-text stk-block-text stk-block stk-67cbb12 o-typing-fast\" data-block-id=\"67cbb12\"><style>.stk-67cbb12 .stk-block-text__text{color:var(--theme-palette-color-4, #ffffff) !important;}<\/style><p class=\"stk-block-text__text has-text-color has-palette-color-4-color has-text-align-center-mobile\">Protect your services and products from plagiarism by registering your trademark. Do you want to register your trademark in Colombia, USA, Europe or Asia? I do it for you!<\/p><\/div>\n<\/div><\/div><\/div>\n\n\n\n<div class=\"wp-block-stackable-column stk-block-column stk-column stk-block stk-a7c50c6 stk-block-background\" data-v=\"4\" data-block-id=\"a7c50c6\"><style>.stk-a7c50c6-container{margin-top:0px !important;margin-right:0px !important;margin-bottom:0px !important;margin-left:0px !important;}.stk-a7c50c6 {background-color:#000000 !important;border-top-left-radius:8px !important;border-top-right-radius:8px !important;border-bottom-right-radius:8px !important;border-bottom-left-radius:8px !important;overflow:hidden !important;padding-top:80px !important;padding-right:70px !important;padding-bottom:80px !important;padding-left:70px !important;}.stk-a7c50c6:hover{background-color:var(--theme-palette-color-1, #e65616) !important;}.stk-a7c50c6:before{background-color:#000000 !important;}.stk-a7c50c6:hover:before{background-color:var(--theme-palette-color-1, #e65616) !important;}@media screen and (max-width:999px){.stk-a7c50c6 {padding-top:40px !important;padding-right:25px !important;padding-bottom:40px !important;padding-left:25px !important;}}<\/style><div class=\"stk-column-wrapper stk-block-column__content stk-container stk-a7c50c6-container stk--no-background stk--no-padding\"><div class=\"has-text-align-left stk-block-content stk-inner-blocks stk-a7c50c6-inner-blocks\">\n<div class=\"wp-block-stackable-heading stk-block-heading stk-block-heading--v2 stk-block stk-4c586e3 o-typing-delay-1s\" id=\"o-anim-typing-patentar-tus-invenciones-o-anim-typing\" data-block-id=\"4c586e3\"><style>.stk-4c586e3 {margin-bottom:16px !important;}.stk-4c586e3 .stk-block-heading__text{font-size:30px !important;font-weight:800 !important;}@media screen and (max-width:999px){.stk-4c586e3 .stk-block-heading__text{font-size:30px !important;}}<\/style><h2 class=\"stk-block-heading__text has-text-align-center-mobile\"><o-anim-typing>Patenting your inventions<\/o-anim-typing><\/h2><\/div>\n\n\n\n<div class=\"wp-block-stackable-text stk-block-text stk-block stk-3d3d9b7 o-typing-fast\" data-block-id=\"3d3d9b7\"><style>.stk-3d3d9b7 .stk-block-text__text{color:var(--theme-palette-color-4, #ffffff) !important;}<\/style><p class=\"stk-block-text__text has-text-color has-palette-color-4-color has-text-align-center-mobile\">For your technological innovation to be economically profitable, you must patent it. I do it for you!<\/p><\/div>\n<\/div><\/div><\/div>\n\n\n\n<div class=\"wp-block-stackable-column stk-block-column stk-column stk-block stk-1f9a11a stk-block-background\" data-v=\"4\" data-block-id=\"1f9a11a\"><style>.stk-1f9a11a-container{margin-top:0px !important;margin-right:0px !important;margin-bottom:0px !important;margin-left:0px !important;}.stk-1f9a11a {background-color:#000000 !important;border-top-left-radius:8px !important;border-top-right-radius:8px !important;border-bottom-right-radius:8px !important;border-bottom-left-radius:8px !important;overflow:hidden !important;padding-top:80px !important;padding-right:70px !important;padding-bottom:80px !important;padding-left:70px !important;}.stk-1f9a11a:hover{background-color:var(--theme-palette-color-1, #e65616) !important;}.stk-1f9a11a:before{background-color:#000000 !important;}.stk-1f9a11a:hover:before{background-color:var(--theme-palette-color-1, #e65616) !important;}@media screen and (max-width:999px){.stk-1f9a11a {padding-top:40px !important;padding-right:25px !important;padding-bottom:40px !important;padding-left:25px !important;}}<\/style><div class=\"stk-column-wrapper stk-block-column__content stk-container stk-1f9a11a-container stk--no-background stk--no-padding\"><div class=\"has-text-align-left stk-block-content stk-inner-blocks stk-1f9a11a-inner-blocks\">\n<div class=\"wp-block-stackable-heading stk-block-heading stk-block-heading--v2 stk-block stk-769f320 o-typing-delay-1s\" id=\"o-anim-typing-diseno-industrial-o-anim-typing\" data-block-id=\"769f320\"><style>.stk-769f320 {margin-bottom:16px !important;}.stk-769f320 .stk-block-heading__text{font-size:30px !important;font-weight:800 !important;}@media screen and (max-width:999px){.stk-769f320 .stk-block-heading__text{font-size:30px !important;}}<\/style><h2 class=\"stk-block-heading__text has-text-align-center-mobile\"><o-anim-typing>Industrial design<\/o-anim-typing><\/h2><\/div>\n\n\n\n<div class=\"wp-block-stackable-text stk-block-text stk-block stk-bc17407 o-typing-faster\" data-block-id=\"bc17407\"><style>.stk-bc17407 .stk-block-text__text{color:var(--theme-palette-color-4, #ffffff) !important;}<\/style><p class=\"stk-block-text__text has-text-color has-palette-color-4-color has-text-align-center-mobile\">Have you noticed that many times we buy something more for how it looks than for its usefulness? Protecting the aesthetics of your product through industrial design is an agile and effective way to increase your sales. I protect your industrial design for you!<\/p><\/div>\n<\/div><\/div><\/div>\n<\/div><\/div>\n\n\n\n<div class=\"wp-block-stackable-spacer stk-block-spacer stk--no-padding stk-block stk-92e11a5\" data-block-id=\"92e11a5\"><style>.stk-92e11a5 {height:35px !important;}@media screen and (max-width:999px){.stk-92e11a5 {height:25px !important;}}@media screen and (max-width:689px){.stk-92e11a5 {height:35px !important;}}<\/style><\/div>\n\n\n\n<div class=\"wp-block-stackable-columns stk-block-columns stk-block stk-f0ecf72 ct-special-features\" data-block-id=\"f0ecf72\"><style>.stk-f0ecf72 {margin-bottom:0px !important;}.stk-f0ecf72-column{--stk-column-gap:35px !important;}@media screen and (max-width:999px){.stk-f0ecf72-column{--stk-column-gap:25px !important;}}@media screen and (max-width:689px){.stk-f0ecf72-column{row-gap:35px !important;}}<\/style><div class=\"stk-row stk-inner-blocks stk-block-content stk-content-align stk-f0ecf72-column\">\n<div class=\"wp-block-stackable-column stk-block-column stk-column stk-block stk-75ff381 stk-block-background\" data-v=\"4\" data-block-id=\"75ff381\"><style>.stk-75ff381-container{margin-top:0px !important;margin-right:0px !important;margin-bottom:0px !important;margin-left:0px !important;}.stk-75ff381-inner-blocks{row-gap:0px !important;}.stk-75ff381 {background-color:#000000 !important;border-top-left-radius:8px !important;border-top-right-radius:8px !important;border-bottom-right-radius:8px !important;border-bottom-left-radius:8px !important;overflow:hidden !important;padding-top:80px !important;padding-right:70px !important;padding-bottom:80px !important;padding-left:70px !important;}.stk-75ff381:hover{background-color:var(--theme-palette-color-1, #e65616) !important;}.stk-75ff381:before{background-color:#000000 !important;}.stk-75ff381:hover:before{background-color:var(--theme-palette-color-1, #e65616) !important;}@media screen and (max-width:999px){.stk-75ff381 {padding-top:30px !important;padding-right:30px !important;padding-bottom:30px !important;padding-left:30px !important;}}@media screen and (max-width:689px){.stk-75ff381 {padding-top:40px !important;padding-bottom:40px !important;}}<\/style><div class=\"stk-column-wrapper stk-block-column__content stk-container stk-75ff381-container stk--no-background stk--no-padding\"><div class=\"has-text-align-left stk-block-content stk-inner-blocks stk-75ff381-inner-blocks\">\n<div class=\"wp-block-stackable-heading stk-block-heading stk-block-heading--v2 stk-block stk-8ebcef2 o-typing-delay-1s\" id=\"o-anim-typing-politica-de-gestion-de-datos-personales-o-anim-typing\" data-block-id=\"8ebcef2\"><style>.stk-8ebcef2 {margin-bottom:16px !important;}.stk-8ebcef2 .stk-block-heading__text{font-size:25px !important;font-weight:800 !important;}@media screen and (max-width:999px){.stk-8ebcef2 .stk-block-heading__text{font-size:25px !important;}}<\/style><h2 class=\"stk-block-heading__text has-text-align-center-mobile\"><o-anim-typing> Personal Data Management Policy<\/o-anim-typing><\/h2><\/div>\n\n\n\n<div class=\"wp-block-stackable-text stk-block-text stk-block stk-1671eee\" data-block-id=\"1671eee\"><style>.stk-1671eee .stk-block-text__text{color:var(--theme-palette-color-4, #ffffff) !important;}<\/style><p class=\"stk-block-text__text has-text-color has-palette-color-4-color has-text-align-center-mobile\">Did you know that micro, medium and macro companies must have a Personal Data Management Policy? Remember that safeguarding your clients' personal data is your responsibility! So, you take care of your customers and I will take care of your personal data management policy. I do it for you!<\/p><\/div>\n\n\n\n<p><\/p>\n<\/div><\/div><\/div>\n\n\n\n<div class=\"wp-block-stackable-column stk-block-column stk-column stk-block stk-50dcdbc stk-block-background\" data-v=\"4\" data-block-id=\"50dcdbc\"><style>.stk-50dcdbc-container{margin-top:0px !important;margin-right:0px !important;margin-bottom:0px !important;margin-left:0px !important;}.stk-50dcdbc-inner-blocks{row-gap:0px !important;}.stk-50dcdbc {background-color:#000000 !important;border-top-left-radius:8px !important;border-top-right-radius:8px !important;border-bottom-right-radius:8px !important;border-bottom-left-radius:8px !important;overflow:hidden !important;padding-top:80px !important;padding-right:70px !important;padding-bottom:80px !important;padding-left:70px !important;}.stk-50dcdbc:hover{background-color:var(--theme-palette-color-1, #e65616) !important;}.stk-50dcdbc:before{background-color:#000000 !important;}.stk-50dcdbc:hover:before{background-color:var(--theme-palette-color-1, #e65616) !important;}@media screen and (max-width:999px){.stk-50dcdbc {padding-top:30px !important;padding-right:30px !important;padding-bottom:30px !important;padding-left:30px !important;}}@media screen and (max-width:689px){.stk-50dcdbc {padding-top:40px !important;padding-bottom:40px !important;}}<\/style><div class=\"stk-column-wrapper stk-block-column__content stk-container stk-50dcdbc-container stk--no-background stk--no-padding\"><div class=\"has-text-align-left stk-block-content stk-inner-blocks stk-50dcdbc-inner-blocks\">\n<div class=\"wp-block-stackable-heading stk-block-heading stk-block-heading--v2 stk-block stk-cef31ff o-typing-delay-1s\" id=\"o-anim-typing-riesgos-laborales-o-anim-typing\" data-block-id=\"cef31ff\"><style>.stk-cef31ff {margin-bottom:16px !important;}.stk-cef31ff .stk-block-heading__text{font-size:30px !important;font-weight:800 !important;}@media screen and (max-width:999px){.stk-cef31ff .stk-block-heading__text{font-size:30px !important;}}<\/style><h2 class=\"stk-block-heading__text has-text-align-center-mobile\"><o-anim-typing>Occupational hazards<\/o-anim-typing><\/h2><\/div>\n\n\n\n<div class=\"wp-block-stackable-text stk-block-text stk-block stk-7bebd02\" data-block-id=\"7bebd02\"><style>.stk-7bebd02 .stk-block-text__text{color:var(--theme-palette-color-4, #ffffff) !important;}<\/style><p class=\"stk-block-text__text has-text-color has-palette-color-4-color has-text-align-center-mobile\">The greatest asset of your company are your workers, always guarantee their labor welfare and your company will last in time. I help you with your SGSST program and in any labor conflict you may have.<\/p><\/div>\n<\/div><\/div><\/div>\n<\/div><\/div>\n\n\n\n<div class=\"wp-block-stackable-spacer stk-block-spacer stk--no-padding stk-block stk-2642f69\" data-block-id=\"2642f69\"><style>.stk-2642f69 {height:0px !important;}@media screen and (max-width:689px){.stk-2642f69 {height:80px !important;}}<\/style><\/div>\n\n\n\n<div class=\"wp-block-stackable-spacer stk-block-spacer stk--no-padding stk-block stk-4558dfb\" data-block-id=\"4558dfb\"><style>.stk-4558dfb {height:50px !important;}<\/style><\/div>\n\n\n\n<div data-aos= \"zoom-out\" data-aos-duration=\"400\" data-aos-delay=\"0\" data-aos-easing=\"ease\" data-aos-once=\"true\" class=\"wp-block-uagb-info-box uagb-block-27789f8a uagb-infobox__content-wrap  uagb-infobox-icon-above-title uagb-infobox-image-valign-top\"><div class=\"uagb-ifb-content\"><div class=\"uagb-ifb-title-wrap\"><h3 class=\"uagb-ifb-title\">I take care of registering your trademark and help you patent your inventions.<br>You focus on growing your business.<br>Prevent third parties from taking advantage of your efforts.<br>Undertake without fear, with legal support.<\/h3><\/div><\/div><\/div>\n\n\n\n<div data-aos= \"zoom-out\" data-aos-duration=\"400\" data-aos-delay=\"0\" data-aos-easing=\"ease\" data-aos-once=\"true\" class=\"wp-block-uagb-info-box uagb-block-f2e86601 uagb-infobox__content-wrap  uagb-infobox-icon-above-title uagb-infobox-image-valign-top\"><div class=\"uagb-ifb-content\"><div class=\"uagb-ifb-title-wrap\"><h3 class=\"uagb-ifb-title\">I am a specialist in industrial and intellectual property.<br>I help you to legally protect your venture and turn your ideas into real income by registering your trademark and managing your patent!<\/h3><\/div><\/div><\/div>\n\n\n\n<div class=\"wp-block-stackable-columns stk-block-columns stk-block stk-03d9985\" data-block-id=\"03d9985\"><div class=\"stk-row stk-inner-blocks stk-block-content stk-content-align stk-03d9985-column\">\n<div class=\"wp-block-stackable-column stk-block-column stk-column stk-block stk-b98381f\" data-v=\"4\" data-block-id=\"b98381f\"><div class=\"stk-column-wrapper stk-block-column__content stk-container stk-b98381f-container stk--no-background stk--no-padding\"><div class=\"stk-block-content stk-inner-blocks stk-b98381f-inner-blocks\"><\/div><\/div><\/div>\n\n\n\n<div class=\"wp-block-stackable-column stk-block-column stk-column stk-block stk-a847882\" data-v=\"4\" data-block-id=\"a847882\"><div class=\"stk-column-wrapper stk-block-column__content stk-container stk-a847882-container stk--no-background stk--no-padding\"><div class=\"stk-block-content stk-inner-blocks stk-a847882-inner-blocks\">\n<div class=\"wp-block-buttons is-content-justification-center is-layout-flex wp-container-core-buttons-is-layout-a89b3969 wp-block-buttons-is-layout-flex\">\n<div class=\"wp-block-button\"><a class=\"wp-block-button__link has-text-align-center wp-element-button\" href=\"https:\/\/abogadadecreativoscol.com\/en\/contact-us\/\">CONTACT ME<\/a><\/div>\n<\/div>\n<\/div><\/div><\/div>\n\n\n\n<div class=\"wp-block-stackable-column stk-block-column stk-column stk-block stk-e3aa7b1\" data-v=\"4\" data-block-id=\"e3aa7b1\"><div class=\"stk-column-wrapper stk-block-column__content stk-container stk-e3aa7b1-container stk--no-background stk--no-padding\"><div class=\"stk-block-content stk-inner-blocks stk-e3aa7b1-inner-blocks\"><\/div><\/div><\/div>\n<\/div><\/div>\n\n\n\n<p><\/p>","protected":false},"excerpt":{"rendered":"<p>Registrar tu marca&nbsp; Protege tus servicios y productos del plagio por medio del registro de tu marca. \u00bfQuieres registrar tu marca en Colombia, Usa, Europa, Asia?. Lo hago por t\u00ed! Patentar tus invenciones Para que tu innovaci\u00f3n tecnol\u00f3gica te de rendimientos econ\u00f3micos debes patentarla. Lo hago por ti! Dise\u00f1o industrial \u00bfTe has dado cuenta que [&hellip;]<\/p>\n","protected":false},"author":1,"featured_media":1892,"parent":0,"menu_order":0,"comment_status":"closed","ping_status":"closed","template":"","meta":{"_uag_custom_page_level_css":"","footnotes":""},"class_list":["post-770","page","type-page","status-publish","has-post-thumbnail","hentry"],"blocksy_meta":{"styles_descriptor":{"styles":{"desktop":"","tablet":"","mobile":""},"google_fonts":[],"version":6}},"aioseo_notices":[],"uagb_featured_image_src":{"full":["https:\/\/abogadadecreativoscol.com\/wp-content\/uploads\/2025\/05\/dark-black-background-geometric-design-diagonal-vector-illustration_601576-1277.avif",626,301,false],"thumbnail":["https:\/\/abogadadecreativoscol.com\/wp-content\/uploads\/2025\/05\/dark-black-background-geometric-design-diagonal-vector-illustration_601576-1277-150x150.avif",150,150,true],"medium":["https:\/\/abogadadecreativoscol.com\/wp-content\/uploads\/2025\/05\/dark-black-background-geometric-design-diagonal-vector-illustration_601576-1277-300x144.avif",300,144,true],"medium_large":["https:\/\/abogadadecreativoscol.com\/wp-content\/uploads\/2025\/05\/dark-black-background-geometric-design-diagonal-vector-illustration_601576-1277.avif",626,301,false],"large":["https:\/\/abogadadecreativoscol.com\/wp-content\/uploads\/2025\/05\/dark-black-background-geometric-design-diagonal-vector-illustration_601576-1277.avif",626,301,false],"1536x1536":["https:\/\/abogadadecreativoscol.com\/wp-content\/uploads\/2025\/05\/dark-black-background-geometric-design-diagonal-vector-illustration_601576-1277.avif",626,301,false],"2048x2048":["https:\/\/abogadadecreativoscol.com\/wp-content\/uploads\/2025\/05\/dark-black-background-geometric-design-diagonal-vector-illustration_601576-1277.avif",626,301,false],"trp-custom-language-flag":["https:\/\/abogadadecreativoscol.com\/wp-content\/uploads\/2025\/05\/dark-black-background-geometric-design-diagonal-vector-illustration_601576-1277.avif",18,9,false]},"uagb_author_info":{"display_name":"abogadadecreativoscol@gmail.com","author_link":"https:\/\/abogadadecreativoscol.com\/en\/author\/abogadadecreativoscolgmail-com\/"},"uagb_comment_info":0,"uagb_excerpt":"Registrar tu marca&nbsp; Protege tus servicios y productos del plagio por medio del registro de tu marca. \u00bfQuieres registrar tu marca en Colombia, Usa, Europa, Asia?. Lo hago por t\u00ed! Patentar tus invenciones Para que tu innovaci\u00f3n tecnol\u00f3gica te de rendimientos econ\u00f3micos debes patentarla. Lo hago por ti! Dise\u00f1o industrial \u00bfTe has dado cuenta que&hellip;","_links":{"self":[{"href":"https:\/\/abogadadecreativoscol.com\/en\/wp-json\/wp\/v2\/pages\/770","targetHints":{"allow":["GET"]}}],"collection":[{"href":"https:\/\/abogadadecreativoscol.com\/en\/wp-json\/wp\/v2\/pages"}],"about":[{"href":"https:\/\/abogadadecreativoscol.com\/en\/wp-json\/wp\/v2\/types\/page"}],"author":[{"embeddable":true,"href":"https:\/\/abogadadecreativoscol.com\/en\/wp-json\/wp\/v2\/users\/1"}],"replies":[{"embeddable":true,"href":"https:\/\/abogadadecreativoscol.com\/en\/wp-json\/wp\/v2\/comments?post=770"}],"version-history":[{"count":37,"href":"https:\/\/abogadadecreativoscol.com\/en\/wp-json\/wp\/v2\/pages\/770\/revisions"}],"predecessor-version":[{"id":2462,"href":"https:\/\/abogadadecreativoscol.com\/en\/wp-json\/wp\/v2\/pages\/770\/revisions\/2462"}],"wp:featuredmedia":[{"embeddable":true,"href":"https:\/\/abogadadecreativoscol.com\/en\/wp-json\/wp\/v2\/media\/1892"}],"wp:attachment":[{"href":"https:\/\/abogadadecreativoscol.com\/en\/wp-json\/wp\/v2\/media?parent=770"}],"curies":[{"name":"wp","href":"https:\/\/api.w.org\/{rel}","templated":true}]}}